{"id":3188,"date":"2025-01-13T19:03:03","date_gmt":"2025-01-13T18:03:03","guid":{"rendered":"https:\/\/seeleundstimme.de\/start\/?page_id=3188"},"modified":"2025-01-14T11:15:22","modified_gmt":"2025-01-14T10:15:22","slug":"ueber-mich","status":"publish","type":"page","link":"https:\/\/seeleundstimme.de\/start\/ueber-mich\/","title":{"rendered":"\u00dcber mich"},"content":{"rendered":"<h2 class=\"wp-block-heading\"><strong>\u00dcBER MICH<\/strong><\/h2><p>Aufgewachsen bin ich in S\u00fcddeutschland, dort folgten nach dem Abitur das Studium der Sozialp\u00e4dagogik und einige Jahre im Beruf.<br><br>Nach langer und intensiver Familienzeit als Ehefrau und Mutter von inzwischen vier l\u00e4ngst erwachsenen Kindern bin ich vor einigen Jahren dem Impuls gefolgt, mich mit meiner Stimme auf einen neuen Weg zu begeben. Bis dahin hatte ich \u00fcber Jahrzehnte mit gro\u00dfer Freude als gefragte S\u00e4ngerin in ganz unterschiedlichen Ch\u00f6ren und Ensembles mitgewirkt. <br><br>Ich tauchte also, der inneren Stimme folgend, ein in die transformierende 3j\u00e4hrige Weiterbildung \u201eGanzheitliche Stimmarbeit und Gesangstherapie\u201c von und mit Carien Wijnen, Berlin. Die Erfahrungen, die sich mir hier er\u00f6ffneten, haben in mir tiefgreifende lebensver\u00e4ndernde Prozesse angesto\u00dfen, f\u00fcr die ich von Herzen dankbar bin. Sie haben in mir T\u00fcren ge\u00f6ffnet, durch die auf neue Weise Licht hereinflutet und \u00fcber die ich Zutritt habe zu bisher unbekannten Ebenen. Seither h\u00e4lt mich die faszinierende Erforschung der Seelenr\u00e4ume \u00fcber das wundervolle Werkzeug der eigenen Stimme in ihrem Bann.<br><br>Es ist mir ein Herzensanliegen und eine gro\u00dfe Freude, Dich (vor allem, doch nicht nur) \u00fcber Deine Stimme mit der transformierenden Kraft, die in Dir schlummert, in Verbindung zu bringen. Ich erlebe es als meinen Auftrag Menschen auf ihrem Weg zu unterst\u00fctzen, ihr Bewusstsein zu erweitern, Lebendigkeit und Lebenslust aus ihrem Herzen heraus zu leben, ihr Seelenpotential zu erkennen, in Liebe und gl\u00fccklich zu sein.<\/p>","protected":false},"excerpt":{"rendered":"<p>\u00dcBER MICH Aufgewachsen bin ich in S\u00fcddeutschland, dort folgten nach dem Abitur das Studium der Sozialp\u00e4dagogik und einige Jahre im Beruf. Nach langer und intensiver Familienzeit als Ehefrau und Mutter von inzwischen vier l\u00e4ngst erwachsenen Kindern bin ich vor einigen Jahren dem Impuls gefolgt, mich mit meiner Stimme auf einen neuen Weg zu begeben. Bis &hellip; <\/p>\n<p class=\"link-more\"><a href=\"https:\/\/seeleundstimme.de\/start\/ueber-mich\/\" class=\"more-link\"><span class=\"screen-reader-text\">\u201e\u00dcber mich\u201c<\/span> weiterlesen<\/a><\/p>\n","protected":false},"author":16,"featured_media":0,"parent":0,"menu_order":5,"comment_status":"closed","ping_status":"closed","template":"","meta":{"footnotes":""},"class_list":["post-3188","page","type-page","status-publish","hentry"],"jetpack_sharing_enabled":true,"_links":{"self":[{"href":"https:\/\/seeleundstimme.de\/start\/wp-json\/wp\/v2\/pages\/3188","targetHints":{"allow":["GET"]}}],"collection":[{"href":"https:\/\/seeleundstimme.de\/start\/wp-json\/wp\/v2\/pages"}],"about":[{"href":"https:\/\/seeleundstimme.de\/start\/wp-json\/wp\/v2\/types\/page"}],"author":[{"embeddable":true,"href":"https:\/\/seeleundstimme.de\/start\/wp-json\/wp\/v2\/users\/16"}],"replies":[{"embeddable":true,"href":"https:\/\/seeleundstimme.de\/start\/wp-json\/wp\/v2\/comments?post=3188"}],"version-history":[{"count":3,"href":"https:\/\/seeleundstimme.de\/start\/wp-json\/wp\/v2\/pages\/3188\/revisions"}],"predecessor-version":[{"id":3224,"href":"https:\/\/seeleundstimme.de\/start\/wp-json\/wp\/v2\/pages\/3188\/revisions\/3224"}],"wp:attachment":[{"href":"https:\/\/seeleundstimme.de\/start\/wp-json\/wp\/v2\/media?parent=3188"}],"curies":[{"name":"wp","href":"https:\/\/api.w.org\/{rel}","templated":true}]}}