{"id":3048,"date":"2020-04-04T13:38:44","date_gmt":"2020-04-04T11:38:44","guid":{"rendered":"https:\/\/seeleundstimme.de\/?page_id=3048"},"modified":"2025-01-15T16:54:04","modified_gmt":"2025-01-15T15:54:04","slug":"start","status":"publish","type":"page","link":"https:\/\/seeleundstimme.de\/start\/","title":{"rendered":"Home"},"content":{"rendered":"<h1 class=\"wp-block-heading has-text-align-center has-text-color has-link-color wp-elements-4d01c2c20464aea7491a1ccd95590240\" style=\"color:#0a77b6\"><strong>HERZLICH WILLKOMMEN<br><\/strong>Dies ist die Website von<br>Im Einklang &#8211; Verein f\u00fcr ganzheitliche Gesundheit, Naturschutz und BewusstSein<\/h1><p class=\"has-text-align-center has-text-color has-link-color wp-elements-4e9f34ba3a80d064be0b3ac96a85fd40\" style=\"color:#0a77b6\">(Die Seite befindet sich im Um- und Aufbau.)<\/p><p class=\"has-text-align-center\">Einem Raum (nicht nur) f\u00fcr Frauen,<br>die sich nach einer Auszeit sehnen:<\/p><p class=\"has-text-align-center\">Innerlich zur Ruhe kommen<br>Abstand gewinnen zu dem, was beschwert<br>Aus der Stille neu sch\u00f6pfen<br>In die Kraft der eigenen Mitte finden<br>Das innere Feuer wieder entfachen<br>Den Mut haben,<br>sich au\u00dferhalb vertrauter und ausgetretener Pfade zu bewegen<br>Das Leben neu entdecken<br>um befreit, tief und selbstbestimmt zu leben<br>Kraftvoll aus dem vollen Potential sch\u00f6pfen<br>Sich nicht l\u00e4nger von Zweifeln und \u00c4ngsten leiten lassen<br>Klare Entscheidungen treffen<br>Blockaden erkennen und \u00fcberwinden<br>Freude, Leichtigkeit und F\u00fclle ins Leben ziehen.<\/p><h2 class=\"wp-block-heading has-text-align-center has-text-color has-link-color wp-elements-db20a36212093b25213119a6e9f3a4f1\" style=\"color:#0a77b6\"><strong>ATME DIE RUHE EIN!<\/strong><\/h2><div class=\"wp-block-columns is-layout-flex wp-container-core-columns-is-layout-1 wp-block-columns-is-layout-flex\"><div class=\"wp-block-column is-layout-flow wp-block-column-is-layout-flow\" style=\"flex-basis:50%\"><div class=\"wp-block-image is-style-default\"><figure class=\"aligncenter size-full is-resized\"><img loading=\"lazy\" decoding=\"async\" width=\"725\" height=\"650\" src=\"https:\/\/seeleundstimme.de\/wp-content\/uploads\/2025\/01\/Ruhe01.png\" alt=\"\" class=\"wp-image-3161\" style=\"width:250px\" srcset=\"https:\/\/seeleundstimme.de\/wp-content\/uploads\/2025\/01\/Ruhe01.png 725w, https:\/\/seeleundstimme.de\/wp-content\/uploads\/2025\/01\/Ruhe01-300x269.png 300w\" sizes=\"auto, (max-width: 725px) 100vw, 725px\" \/><\/figure><\/div>\n\n<div class=\"wp-block-image is-style-default\"><figure class=\"aligncenter size-large is-resized\"><img loading=\"lazy\" decoding=\"async\" width=\"700\" height=\"933\" src=\"https:\/\/seeleundstimme.de\/wp-content\/uploads\/2020\/03\/Ferndorf-048-700x933.jpg\" alt=\"\" class=\"wp-image-2995\" style=\"object-fit:cover;width:250px;height:200px\" srcset=\"https:\/\/seeleundstimme.de\/wp-content\/uploads\/2020\/03\/Ferndorf-048-700x933.jpg 700w, https:\/\/seeleundstimme.de\/wp-content\/uploads\/2020\/03\/Ferndorf-048-250x333.jpg 250w, https:\/\/seeleundstimme.de\/wp-content\/uploads\/2020\/03\/Ferndorf-048-768x1024.jpg 768w, https:\/\/seeleundstimme.de\/wp-content\/uploads\/2020\/03\/Ferndorf-048-1152x1536.jpg 1152w, https:\/\/seeleundstimme.de\/wp-content\/uploads\/2020\/03\/Ferndorf-048-1536x2048.jpg 1536w, https:\/\/seeleundstimme.de\/wp-content\/uploads\/2020\/03\/Ferndorf-048-120x160.jpg 120w, https:\/\/seeleundstimme.de\/wp-content\/uploads\/2020\/03\/Ferndorf-048-scaled.jpg 1920w\" sizes=\"auto, (max-width: 700px) 100vw, 700px\" \/><\/figure><\/div><\/div>\n\n<div class=\"wp-block-column is-layout-flow wp-block-column-is-layout-flow\" style=\"flex-basis:50%\"><p class=\"has-text-align-left\">In unserem abseits am Hang gelegenen Holzhaus auf 770 m, zwischen kleinem W\u00e4ldchen und Wiesen mit weitem Blick \u00fcber das Drau-Tal bis zu den 2000ern, genie\u00dfen wir die Ruhe und Natur um uns herum.<\/p>\n\n<p class=\"has-text-align-left\">Wir sind seit Sp\u00e4therbst 2019 dabei, Haus und Gel\u00e4nde liebevoll zu gestalten. Hier entsteht mehr und mehr eine kleine Wohlf\u00fchl-Oase: sich willkommen f\u00fchlen, still werden, loslassen und dem Raum geben, was neu entstehen m\u00f6chte.<\/p>\n\n<p class=\"has-text-align-left\">Die 2-Zimmer-Wohnung unserer G\u00e4ste-Etage im 1.Stock bietet die M\u00f6glichkeit zur Selbstversorgung.<\/p><\/div><\/div><h2 class=\"wp-block-heading\"><strong>MEINE ANGEBOTE<\/strong><\/h2><h3 class=\"wp-block-heading\"><strong>Wegbegleitende Gespr\u00e4che<\/strong><\/h3><div class=\"wp-block-media-text is-stacked-on-mobile\"><figure class=\"wp-block-media-text__media\"><img loading=\"lazy\" decoding=\"async\" width=\"290\" height=\"199\" src=\"https:\/\/seeleundstimme.de\/wp-content\/uploads\/2025\/01\/Wegbegleitende_Gespraeche01.png\" alt=\"\" class=\"wp-image-3137 size-full\"\/><\/figure><div class=\"wp-block-media-text__content\"><p>Ich biete Dir einen gesch\u00fctzten Rahmen, in dem Du dem nachgehen kannst, was Dir wichtig ist. Meine Impulse f\u00fcr Dich entstehen aus meinem achtsamen, sensiblen und ehrlichen Zuh\u00f6ren. Auch die Bilder, die dabei vor meinem inneren Auge und auf tieferer Ebene entstehen, k\u00f6nnen Dich wertvoll inspirieren.<\/p><\/div><\/div><h3 class=\"wp-block-heading\"><strong>Gemeinsame Wanderungen<\/strong><\/h3><div class=\"wp-block-media-text is-stacked-on-mobile\"><figure class=\"wp-block-media-text__media\"><img loading=\"lazy\" decoding=\"async\" width=\"294\" height=\"196\" src=\"https:\/\/seeleundstimme.de\/wp-content\/uploads\/2025\/01\/Wanderungen01.png\" alt=\"\" class=\"wp-image-3144 size-full\"\/><\/figure><div class=\"wp-block-media-text__content\"><p>Wir befinden uns mitten im hochenergetischen Feld mehrerer 2000er-Berge (Mirnock, Goldeck und Dobratsch) mit ihren zahlreichen Kraftpl\u00e4tzen. Je nach Bed\u00fcrfnis bieten sich hier wundervolle M\u00f6glichkeiten zu kleineren oder gr\u00f6\u00dferen Bergtouren, die innere Prozesse unterst\u00fctzen und intensivieren k\u00f6nnen.<\/p><\/div><\/div><h3 class=\"wp-block-heading\"><strong>Vegetarisch\/vegane Mahlzeiten, auch glutenfrei<\/strong><\/h3><div class=\"wp-block-media-text is-stacked-on-mobile is-vertically-aligned-top\"><figure class=\"wp-block-media-text__media\"><img loading=\"lazy\" decoding=\"async\" width=\"295\" height=\"197\" src=\"https:\/\/seeleundstimme.de\/wp-content\/uploads\/2025\/01\/Food01.png\" alt=\"\" class=\"wp-image-3150 size-full\"\/><\/figure><div class=\"wp-block-media-text__content\"><p>Ich liebe es, einfache, nahrhafte und schmackhafte abwechslungsreiche Bio-Mahlzeiten zuzubereiten. Das darf dir gerne zugute kommen! Wenn du Freude daran hast, stehen wir beim Schnippeln und R\u00fchren gemeinsam in der ger\u00e4umigen K\u00fcche mit Bergpanorama.<\/p><\/div><\/div><h3 class=\"wp-block-heading has-text-align-left has-text-color has-link-color wp-elements-88e2a3a23dade3fa6d9852f883f76501\" style=\"color:#0a77b6;font-size:24px;text-transform:none\"><strong>Stimmarbeit<\/strong><\/h3><p class=\"has-text-align-left has-text-color has-link-color wp-elements-9a3008d400c81c5ac40a8d106bac1b5f\" style=\"color:#0a77b6\"><strong><em>Leg den Verstand beiseite und lass dich von deiner Stimme (ver-)f\u00fchren<\/em><\/strong><\/p><p class=\"has-text-align-left\">Das besondere Herzst\u00fcck meiner Begleitung f\u00fcr Dich liegt hier verborgen:<br>Es ist mir eine tiefe Freude, Dir liebevoll und kompetent den Raum zu halten, wenn Du Mut, Offenheit, Lust und Bereitschaft mitbringst, das feine und gleichzeitig starke Band zwischen Deiner Seele und Deiner Stimme zu erfahren.<br>Du tr\u00e4gst mit Deiner Stimme ein wundervolles Werkzeug in Dir, um all das zu transformieren, was Dich bisher daran hindert, Deine Einzigartigkeit in all ihrem Glanz zu leben.<br>\u00dcber Deine Stimme erh\u00e4ltst Du Zugang zu Deiner Seele und kannst so das Feld Deiner M\u00f6glichkeiten erforschen und in all seiner F\u00fclle zum Sprie\u00dfen und Bl\u00fchen bringen.<br>F\u00fcr Menschen bei diesen Prozessen da zu sein, erlebe ich als Geschenk. Mit feinem Gesp\u00fcr f\u00fcr so wenig Impuls wie m\u00f6glich und so viel wie n\u00f6tig biete ich Dir Elemente aus K\u00f6rper-, Energie- und Stimmarbeit an. Die Momente, in denen im Raum tiefe Transformation sp\u00fcrbar wird, haben etwas Heiliges. Was f\u00fcr ein Vorrecht, dies begleiten zu d\u00fcrfen!<br>Es sind keine Vorkenntnisse erforderlich! Du allein bestimmst die L\u00e4nge und Tiefe Deiner Forschungsreise.<\/p><h2 class=\"wp-block-heading\"><strong>Lage<\/strong><\/h2><p>Die Siedlung \u201eSt.Jakob\u201c liegt auf 770 m H\u00f6he, ca 300m oberhalb des Drautals, zwischen Wiesen und W\u00e4ldchen, 17 km s\u00fcdlich von Spittal.<br>Anreise mit Auto, Bahn und per Flug (Klagenfurt) m\u00f6glich.<\/p><h2 class=\"wp-block-heading\"><strong>Kontakt<\/strong><\/h2><p style=\"font-size:15px\">Andrea Gl\u00f6ckle-Fiedler<br>St-Jakob 19<br>A-9702 Ferndorf<\/p><p>info@seeleundstimme.de<\/p><p>Ich freue mich auf deine Nachricht!<\/p><h2 class=\"wp-block-heading\"><strong>\u00dcBER MICH<\/strong><\/h2><p>Aufgewachsen bin ich in S\u00fcddeutschland, dort folgten nach dem Abitur das Studium der Sozialp\u00e4dagogik und einige Jahre im Beruf.<br>Nach langer und intensiver Familienzeit als Ehefrau und Mutter von inzwischen vier l\u00e4ngst erwachsenen Kindern bin ich vor einigen Jahren dem Impuls gefolgt, mich mit meiner Stimme auf einen neuen Weg zu begeben. Bis dahin hatte ich \u00fcber Jahrzehnte mit gro\u00dfer Freude als gefragte S\u00e4ngerin in ganz unterschiedlichen Ch\u00f6ren und Ensembles mitgewirkt. Ich tauchte also, der inneren Stimme folgend, ein in die transformierende 3j\u00e4hrige Weiterbildung \u201eGanzheitliche Stimmarbeit und Gesangstherapie\u201c von und mit Carien Wijnen, Berlin.<\/p><div class=\"wp-block-buttons is-content-justification-center is-layout-flex wp-container-core-buttons-is-layout-1 wp-block-buttons-is-layout-flex\"><div class=\"wp-block-button has-custom-width wp-block-button__width-50 has-custom-font-size is-style-fill has-small-font-size\" style=\"line-height:1\"><a class=\"wp-block-button__link has-background wp-element-button\" href=\"https:\/\/seeleundstimme.de\/start\/ueber-mich\/\" style=\"background-color:#0a77b6\">Mehr erfahren&#8230;<\/a><\/div><\/div><div style=\"height:70px\" aria-hidden=\"true\" class=\"wp-block-spacer\"><\/div><h2 class=\"wp-block-heading\"><strong>MEINE ARBEITSWEISE<\/strong><\/h2><p>Auf meinem Weg der Erforschung von Seelenr\u00e4umen und Bewusstsein durfte ich bisher von vielen wundervollen Menschen lernen. Ihre Erkenntnisse flie\u00dfen inzwischen ganz nat\u00fcrlich in mein t\u00e4gliches Tun und Denken ein, sie verwurzeln sich immer weiter in meinem Innersten.<\/p><p>Diesen Menschen (wie z.B. Eckhart Tolle, Gopal Norbert Klein, Kathrin Shana Weish\u00e4upl, R\u00fcdiger Dahlke, Clemens Kuby, Katie Byron, Christian Meyer, Susanne H\u00fchn, Carien Wijnen, und viele viele andere), bin ich zutiefst daf\u00fcr dankbar, dass sie ihr Wissen im Bereich Bewusstseinserweiterung, Traumatherapie, Gesangstherapie, Arbeit mit dem inneren Kind, Spiritualit\u00e4t an andere weitergeben.<\/p><div class=\"wp-block-buttons is-horizontal is-content-justification-center is-layout-flex wp-container-core-buttons-is-layout-2 wp-block-buttons-is-layout-flex\"><div class=\"wp-block-button has-custom-width wp-block-button__width-50 has-custom-font-size has-small-font-size\" style=\"line-height:1\"><a class=\"wp-block-button__link has-background wp-element-button\" href=\"https:\/\/seeleundstimme.de\/start\/meine-arbeitsweise\/\" style=\"background-color:#0a77b6\">Mehr erfahren&#8230;<\/a><\/div><\/div><div style=\"height:70px\" aria-hidden=\"true\" class=\"wp-block-spacer\"><\/div><p><strong>Was mich sonst noch gl\u00fccklich macht?<\/strong><\/p><ul class=\"wp-block-list\"><li>Lange Spazierg\u00e4nge<\/li>\n\n<li>Wanderungen auf Pfaden ganz f\u00fcr mich und mit mir<\/li>\n\n<li>Momente der Stille<\/li>\n\n<li>Gutes Essen<\/li>\n\n<li>Sch\u00f6ne Kleider<\/li>\n\n<li>z\u00e4rtliche Ber\u00fchrung<\/li>\n\n<li>echte Begegnung<\/li>\n\n<li>Sonnenaufgangwunder<\/li>\n\n<li>Schneeflockenglitzer<\/li>\n\n<li>Kachelofenw\u00e4rme<\/li>\n\n<li>Herzliches Lachen<\/li><\/ul><p><\/p>","protected":false},"excerpt":{"rendered":"<p>HERZLICH WILLKOMMENDies ist die Website vonIm Einklang &#8211; Verein f\u00fcr ganzheitliche Gesundheit, Naturschutz und BewusstSein (Die Seite befindet sich im Um- und Aufbau.) Einem Raum (nicht nur) f\u00fcr Frauen,die sich nach einer Auszeit sehnen: Innerlich zur Ruhe kommenAbstand gewinnen zu dem, was beschwertAus der Stille neu sch\u00f6pfenIn die Kraft der eigenen Mitte findenDas innere Feuer &hellip; <\/p>\n<p class=\"link-more\"><a href=\"https:\/\/seeleundstimme.de\/start\/\" class=\"more-link\"><span class=\"screen-reader-text\">\u201eHome\u201c<\/span> weiterlesen<\/a><\/p>\n","protected":false},"author":16,"featured_media":0,"parent":0,"menu_order":0,"comment_status":"closed","ping_status":"closed","template":"","meta":{"footnotes":"[]"},"class_list":["post-3048","page","type-page","status-publish","hentry"],"jetpack_sharing_enabled":true,"_links":{"self":[{"href":"https:\/\/seeleundstimme.de\/start\/wp-json\/wp\/v2\/pages\/3048","targetHints":{"allow":["GET"]}}],"collection":[{"href":"https:\/\/seeleundstimme.de\/start\/wp-json\/wp\/v2\/pages"}],"about":[{"href":"https:\/\/seeleundstimme.de\/start\/wp-json\/wp\/v2\/types\/page"}],"author":[{"embeddable":true,"href":"https:\/\/seeleundstimme.de\/start\/wp-json\/wp\/v2\/users\/16"}],"replies":[{"embeddable":true,"href":"https:\/\/seeleundstimme.de\/start\/wp-json\/wp\/v2\/comments?post=3048"}],"version-history":[{"count":84,"href":"https:\/\/seeleundstimme.de\/start\/wp-json\/wp\/v2\/pages\/3048\/revisions"}],"predecessor-version":[{"id":3262,"href":"https:\/\/seeleundstimme.de\/start\/wp-json\/wp\/v2\/pages\/3048\/revisions\/3262"}],"wp:attachment":[{"href":"https:\/\/seeleundstimme.de\/start\/wp-json\/wp\/v2\/media?parent=3048"}],"curies":[{"name":"wp","href":"https:\/\/api.w.org\/{rel}","templated":true}]}}