{"id":1347,"date":"2018-06-21T17:28:28","date_gmt":"2018-06-21T15:28:28","guid":{"rendered":"https:\/\/getready.kongress-suite.com\/?page_id=1347"},"modified":"2025-01-13T18:52:32","modified_gmt":"2025-01-13T17:52:32","slug":"impressum","status":"publish","type":"page","link":"https:\/\/seeleundstimme.de\/start\/impressum\/","title":{"rendered":"Impressum"},"content":{"rendered":"<h1>Impressum<\/h1>\n<h2>Angaben gem\u00e4\u00df \u00a7 5 TMG<\/h2>\n<p>Andrea Gl\u00f6ckle-Fiedler<br \/>\nSt-Jakob 19<br \/>\nA-9702 Ferndorf<\/p>\n<h2>Kontakt<\/h2>\n<p>Telefon: +49 (0) 8142 4421194<\/p>\n<p>E-Mail: info@seeleundstimme.de<\/p>\n<h2>Verantwortlich f\u00fcr den Inhalt nach \u00a7 55 Abs. 2 RStV<\/h2>\n<p>Andrea Gl\u00f6ckleFiedler<br \/>\nSt-Jakob 19<br \/>\nA-9702 Ferndorf<\/p>\n<h2>Streitschlichtung<\/h2>\n<p>Die Europ\u00e4ische Kommission stellt eine Plattform zur Online-Streitbeilegung (OS) bereit: <a href=\"https:\/\/ec.europa.eu\/consumers\/odr\" target=\"_blank\" rel=\"noopener noreferrer\">https:\/\/ec.europa.eu\/consumers\/odr<\/a>.<br \/>\nUnsere E-Mail-Adresse finden Sie oben im Impressum.<\/p>\n<p>Wir sind nicht bereit oder verpflichtet, an Streitbeilegungsverfahren vor einer Verbraucherschlichtungsstelle teilzunehmen.<\/p>\n<h2>Copyright<\/h2>\n<p>\u00a9 Das Copyright:\u00a0S\u00e4mtliche Texte, Bilder und andere auf der Internetseite ver\u00f6ffentlichten Werke unterliegen \u2013 sofern nicht\u00a0anders gekennzeichnet \u2013 dem Copyright der Verfasserin. Jede Vervielf\u00e4ltigung, Verbreitung, Speicherung, \u00dcbermittlung, Sendung und Wider- bzw. Weitergabe der Inhalte ist ohne schriftliche Genehmigung ausdr\u00fccklich untersagt.<\/p>\n<h2>Urhebernennung<\/h2>\n<p>Das Bildmaterial unterliegt keinem Urheberrecht.<\/p>\n","protected":false},"excerpt":{"rendered":"<p>Impressum Angaben gem\u00e4\u00df \u00a7 5 TMG Andrea Gl\u00f6ckle-Fiedler St-Jakob 19 A-9702 Ferndorf Kontakt Telefon: +49 (0) 8142 4421194 E-Mail: info@seeleundstimme.de Verantwortlich f\u00fcr den Inhalt nach \u00a7 55 Abs. 2 RStV Andrea Gl\u00f6ckleFiedler St-Jakob 19 A-9702 Ferndorf Streitschlichtung Die Europ\u00e4ische Kommission stellt eine Plattform zur Online-Streitbeilegung (OS) bereit: https:\/\/ec.europa.eu\/consumers\/odr. Unsere E-Mail-Adresse finden Sie oben im Impressum. &hellip; <\/p>\n<p class=\"link-more\"><a href=\"https:\/\/seeleundstimme.de\/start\/impressum\/\" class=\"more-link\"><span class=\"screen-reader-text\">\u201eImpressum\u201c<\/span> weiterlesen<\/a><\/p>\n","protected":false},"author":4,"featured_media":0,"parent":0,"menu_order":25,"comment_status":"closed","ping_status":"closed","template":"","meta":{"footnotes":""},"class_list":["post-1347","page","type-page","status-publish","hentry"],"jetpack_sharing_enabled":true,"_links":{"self":[{"href":"https:\/\/seeleundstimme.de\/start\/wp-json\/wp\/v2\/pages\/1347","targetHints":{"allow":["GET"]}}],"collection":[{"href":"https:\/\/seeleundstimme.de\/start\/wp-json\/wp\/v2\/pages"}],"about":[{"href":"https:\/\/seeleundstimme.de\/start\/wp-json\/wp\/v2\/types\/page"}],"author":[{"embeddable":true,"href":"https:\/\/seeleundstimme.de\/start\/wp-json\/wp\/v2\/users\/4"}],"replies":[{"embeddable":true,"href":"https:\/\/seeleundstimme.de\/start\/wp-json\/wp\/v2\/comments?post=1347"}],"version-history":[{"count":13,"href":"https:\/\/seeleundstimme.de\/start\/wp-json\/wp\/v2\/pages\/1347\/revisions"}],"predecessor-version":[{"id":3117,"href":"https:\/\/seeleundstimme.de\/start\/wp-json\/wp\/v2\/pages\/1347\/revisions\/3117"}],"wp:attachment":[{"href":"https:\/\/seeleundstimme.de\/start\/wp-json\/wp\/v2\/media?parent=1347"}],"curies":[{"name":"wp","href":"https:\/\/api.w.org\/{rel}","templated":true}]}}